{"id":3,"date":"2022-03-24T09:25:54","date_gmt":"2022-03-24T09:25:54","guid":{"rendered":"https:\/\/fipos.ch\/?page_id=3"},"modified":"2022-11-17T13:06:54","modified_gmt":"2022-11-17T13:06:54","slug":"agb","status":"publish","type":"page","link":"https:\/\/www.fipos.ch\/?page_id=3","title":{"rendered":"Allgemeine Gesch\u00e4ftsbedinungen"},"content":{"rendered":"\n<h2 class=\"wp-block-heading\">\u00a7 1 Allgemeines, Geltungsbereich der AGB<\/h2>\n\n\n\n<p>1.1 Alle Lieferungen und Leistungen erfolgen ausschliesslich auf der Grundlage der nachfolgenden Allgemeinen Gesch\u00e4ftsbedingungen (nachfolgend \u201eAGB\u201c) in ihrer zum Zeitpunkt der Bestellung g\u00fcltigen Fassung.<\/p>\n\n\n\n<p>1.2 Vertragspartner ist&nbsp;Fipos.ch&nbsp;(nachfolgend \u201eVerk\u00e4ufer\u201c).<\/p>\n\n\n\n<p>1.3 Kunde im Sinne dieser Gesch\u00e4ftsbedingungen k\u00f6nnen Verbraucher sein (nachfolgend \u201eKunde\u201c). Verbraucher im Sinne der Gesch\u00e4ftsbedingungen sind nat\u00fcrliche Personen, die Vertr\u00e4ge zu einem Zweck abschlie\u00dfen, der \u00fcberwiegend weder ihrer gewerblichen noch ihrer beruflichen T\u00e4tigkeit zugerechnet werden k\u00f6nnen.<\/p>\n\n\n\n<h2 class=\"wp-block-heading\">\u00a7 2 Vertragsschluss, Zustandekommen des Vertrags<\/h2>\n\n\n\n<p>2.1 Unser Angebot ist verbindlich. Mit Ihrer Bestellung nehmen Sie unser Angebot auf Vertragsschluss an. Der Vertrag kommt mit Versendung Ihrer Bestellung an uns zustande. Sie erhalten eine Auftragsbest\u00e4tigung per E-Mail.<\/p>\n\n\n\n<h2 class=\"wp-block-heading\">\u00a7 3 Speicherung des Vertragstextes<\/h2>\n\n\n\n<p>Wir speichern Ihre Bestellung sowie die eingegebenen Bestelldaten.&nbsp;<em>Wir senden Ihnen per E-Mail eine Bestellbest\u00e4tigung<\/em><em> zu.<\/em><\/p>\n\n\n\n<h2 class=\"wp-block-heading\">\u00a7 4 Widerrufsrecht f\u00fcr Verbraucher<\/h2>\n\n\n\n<p>Das folgende Widerrufsrecht besteht nur f\u00fcr Verbraucher im Fernabsatz:<\/p>\n\n\n\n<h3 class=\"wp-block-heading\"><strong>1. Widerrufsbelehrung<\/strong><\/h3>\n\n\n\n<p>Widerrufsrecht<\/p>\n\n\n\n<p>Sie haben das Recht, binnen vierzehn Tagen ohne Angabe von Gr\u00fcnden diesen Vertrag zu widerrufen.<\/p>\n\n\n\n<p>Die Widerrufsfrist betr\u00e4gt vierzehn Tage ab dem Tag, an dem Sie oder ein von Ihnen benannter Dritter, der nicht der Bef\u00f6rderer ist, die Waren in Besitz genommen haben bzw. hat.<\/p>\n\n\n\n<p>Um Ihr Widerrufsrecht auszu\u00fcben, m\u00fcssen Sie uns&nbsp;<em>(Name, Anschrift und, soweit verf\u00fcgbar, Telefonnummer, Telefaxnummer und E-Mail-Adresse)<\/em>&nbsp;mittels einer eindeutigen Erkl\u00e4rung (z. B. ein mit der Post versandter Brief oder E-Mail) \u00fcber Ihren Entschluss, diesen Vertrag zu widerrufen, informieren. Sie k\u00f6nnen daf\u00fcr das beigef\u00fcgte Muster-Widerrufsformular verwenden, das jedoch nicht vorgeschrieben ist.<\/p>\n\n\n\n<p>Zur Wahrung der Widerrufsfrist reicht es aus, dass Sie die Mitteilung \u00fcber die Aus\u00fcbung des Widerrufsrechts vor Ablauf der Widerrufsfrist absenden.<\/p>\n\n\n\n<p>Folgen des Widerrufs<\/p>\n\n\n\n<p>Wenn Sie diesen Vertrag widerrufen, haben wir Ihnen alle Zahlungen, die wir von Ihnen erhalten haben, einschlie\u00dflich der Lieferkosten (mit Ausnahme der zus\u00e4tzlichen Kosten, die sich daraus ergeben, dass Sie eine andere Art der Lieferung als die von uns angebotene, g\u00fcnstigste Standardlieferung gew\u00e4hlt haben), unverz\u00fcglich und sp\u00e4testens binnen vierzehn Tagen ab dem Tag zur\u00fcckzuzahlen, an dem die Mitteilung \u00fcber Ihren Widerruf dieses Vertrags bei uns eingegangen ist. F\u00fcr diese R\u00fcckzahlung verwenden wir dasselbe Zahlungsmittel, das Sie bei der urspr\u00fcnglichen Transaktion eingesetzt haben, es sei denn, mit Ihnen wurde ausdr\u00fccklich etwas anderes vereinbart; in keinem Fall werden Ihnen wegen dieser R\u00fcckzahlung Entgelte berechnet. Wir k\u00f6nnen die R\u00fcckzahlung verweigern, bis wir die Waren wieder zur\u00fcckerhalten haben oder bis Sie den Nachweis erbracht haben, dass Sie die Waren zur\u00fcckgesandt haben, je nachdem, welches der fr\u00fchere Zeitpunkt ist.<\/p>\n\n\n\n<p>Sie haben die Waren unverz\u00fcglich und in jedem Fall sp\u00e4testens binnen vierzehn Tagen ab dem Tag, an dem Sie uns \u00fcber den Widerruf dieses Vertrags unterrichten, an uns zur\u00fcckzusenden oder zu \u00fcbergeben. Die Frist ist gewahrt, wenn Sie die Waren vor Ablauf der Frist von vierzehn Tagen absenden. Sie tragen die unmittelbaren Kosten der R\u00fccksendung der Waren.<\/p>\n\n\n\n<p>Sie m\u00fcssen f\u00fcr einen etwaigen Wertverlust der Waren nur aufkommen, wenn dieser Wertverlust auf einen zur Pr\u00fcfung der Beschaffenheit, Eigenschaften und Funktionsweise der Waren nicht notwendigen Umgang mit ihnen zur\u00fcckzuf\u00fchren ist.<\/p>\n\n\n\n<h3 class=\"wp-block-heading\"><em><strong>2. Ausschluss des Widerrufsrechts<\/strong><\/em><\/h3>\n\n\n\n<p><em>Das Widerrufsrecht besteht nicht bei folgenden Vertr\u00e4gen:<\/em><\/p>\n\n\n\n<ul class=\"wp-block-list\">\n<li><em>Vertr\u00e4ge zur Lieferung von Waren, die nicht vorgefertigt sind und f\u00fcr deren Herstellung eine individuelle Auswahl oder Bestimmung durch den Verbraucher ma\u00dfgeblich ist oder die eindeutig auf die pers\u00f6nlichen Bed\u00fcrfnisse des Verbrauchers zugeschnitten sind,<\/em><\/li>\n\n\n\n<li><em>Vertr\u00e4ge zur Lieferung von Waren, die schnell verderben k\u00f6nnen oder deren Verfallsdatum schnell \u00fcberschritten w\u00fcrde,<\/em><\/li>\n\n\n\n<li><em>Vertr\u00e4ge zur Lieferung versiegelter Waren, die aus Gr\u00fcnden des Gesundheitsschutzes oder der Hygiene nicht zur R\u00fcckgabe geeignet sind, wenn ihre Versiegelung nach der Lieferung entfernt wurde,<\/em><\/li>\n\n\n\n<li><em>Vertr\u00e4ge zur Lieferung von Waren, wenn diese nach der Lieferung auf Grund ihrer Beschaffenheit untrennbar mit anderen G\u00fctern vermischt wurden,<\/em><\/li>\n\n\n\n<li><em>Vertr\u00e4ge zur Lieferung von Ton- oder Videoaufnahmen oder Computersoftware in einer versiegelten Packung, wenn die Versiegelung nach der Lieferung entfernt wurde,<\/em><\/li>\n\n\n\n<li><em>Vertr\u00e4ge zur Lieferung von Zeitungen, Zeitschriften oder Illustrierten mit Ausnahme von Abonnement-Vertr\u00e4gen,<\/em><\/li>\n\n\n\n<li><em>Vertr\u00e4ge zur Erbringung von Dienstleistungen in den Bereichen Beherbergung zu anderen Zwecken als zu Wohnzwecken, Bef\u00f6rderung von Waren, Kraftfahrzeugvermietung, Lieferung von Speisen und Getr\u00e4nken sowie zur Erbringung weiterer Dienstleistungen im Zusammenhang mit Freizeitbet\u00e4tigungen, wenn der Vertrag f\u00fcr die Erbringung einen spezifischen Termin oder Zeitraum vorsieht.<\/em><\/li>\n<\/ul>\n\n\n\n<h2 class=\"wp-block-heading\">\u00a7 5 Muster-Widerrufsformular<\/h2>\n\n\n\n<p>(Wenn Sie den Vertrag widerrufen wollen, dann f\u00fcllen Sie bitte dieses Formular aus und senden Sie es zur\u00fcck.)<\/p>\n\n\n\n<p>An&nbsp;<em>[hier ist der Name, die Anschrift und gegebenenfalls die Telefaxnummer und E-Mail-Adresse des Unternehmers durch den Unternehmer einzuf\u00fcgen]<\/em>:<\/p>\n\n\n\n<p>Hiermit widerrufe(n) ich\/wir (*) den von mir\/uns (*) abgeschlossenen Vertrag \u00fcber den Kauf<\/p>\n\n\n\n<p>der folgenden Waren (*)\/die Erbringung der folgenden Dienstleistung (*)<\/p>\n\n\n\n<p>Bestellt am (*)\/erhalten am (*)<\/p>\n\n\n\n<p>Name des\/der Verbraucher(s)<\/p>\n\n\n\n<p>Anschrift des\/der Verbraucher(s)<\/p>\n\n\n\n<p>Unterschrift des\/der Verbraucher(s) (nur bei Mitteilung auf Papier)<\/p>\n\n\n\n<p>Datum<\/p>\n\n\n\n<p>(*) Unzutreffendes streichen.<\/p>\n\n\n\n<h2 class=\"wp-block-heading\">\u00a7 6 Preise und Versandkosten<\/h2>\n\n\n\n<p>Fipos.ch ist nicht Mwst pflichtig und die Preise sind somit ohne MwSt anzusehen. Wir liefern mit&nbsp;<em>der schweizerischen Post<\/em>&nbsp;oder einem anderen Anbieter unserer Wahl.<\/p>\n\n\n\n<h2 class=\"wp-block-heading\">\u00a7 7 Lieferbedingungen<\/h2>\n\n\n\n<p>7.1 Wir liefern ausschlie\u00dflich innerhalb der Schweiz.<\/p>\n\n\n\n<p>7.2 Die Ware wird, sofern nicht beim Angebot anders angegeben, innerhalb von&nbsp;5 Werktagen in die ganze Schweiz geliefert.<\/p>\n\n\n\n<h2 class=\"wp-block-heading\">\u00a7 8 Zahlungsbedingungen<\/h2>\n\n\n\n<p>8.1 Die Zahlung erfolgt per<em> Rechnung.<\/em> Fipos.ch kann ohne Angaben von Gr\u00fcnden bei Bestellungen ein Vorkasse verlangen.<\/p>\n\n\n\n<p>8.2 Bei nicht fristgerechter Bezahlung der Rechnungsgeb\u00fchr f\u00e4llt eine Mahngeb\u00fchr von 20 CHF an.\u00a0<\/p>\n\n\n\n<h2 class=\"wp-block-heading\">\u00a7 9 Gew\u00e4hrleistung<\/h2>\n\n\n\n<p>Wenn Sie Verbraucher sind, erfolgt die Gew\u00e4hrleistung nach den gesetzlichen Bestimmungen.<\/p>\n\n\n\n<h2 class=\"wp-block-heading\">\u00a7 10 Haftung<\/h2>\n\n\n\n<p>Wir haften unbeschr\u00e4nkt f\u00fcr Vorsatz und grobe Fahrl\u00e4ssigkeit und nach den Vorgaben des Produkthaftungsgesetzes. Bei leichter Fahrl\u00e4ssigkeit haften wir aus Verletzungen des Lebens, des K\u00f6rpers und der Gesundheit von Personen.<\/p>\n\n\n\n<p>In anderen F\u00e4llen haften wir f\u00fcr leichte Fahrl\u00e4ssigkeit nur bei der Verletzung vertragswesentlicher Pflichten. Vertragswesentliche Pflichten sind solche deren Erf\u00fcllung die ordnungsgem\u00e4\u00dfe Durchf\u00fchrung des Vertrags erst erm\u00f6glicht und auf deren Einhaltung der Vertragspartner vertraut. Die Haftung bei Verletzung einer solchen vertragswesentlichen Pflicht ist auf den vertragstypischen Schaden begrenzt, mit dessen Entstehen wir bei Vertragsabschluss auf Grund der zu diesem Zeitpunkt bekannten Umst\u00e4nde rechnen mussten. Diese Haftungsbeschr\u00e4nkung gilt auch zugunsten von unseren Erf\u00fcllungsgehilfen.<\/p>\n\n\n\n<h2 class=\"wp-block-heading\">\u00a7 11 Kundenservice<\/h2>\n\n\n\n<p>Bei Fragen, Beschwerden oder Reklamationen nehmen Sie bitte Kontakt zu uns auf. Sie erreichen per E-Mail \u00fcber <em>info@fipos.ch<\/em><\/p>\n\n\n\n<h2 class=\"wp-block-heading\">\u00a7 12 Sonstiges<\/h2>\n\n\n\n<p>12.1 Die Vertragssprache ist Deutsch.<\/p>\n\n\n\n<p>12.2 Sind eine oder mehrere Regelungen dieser AGB unwirksam, so bleibt der Vertrag im \u00dcbrigen wirksam. Soweit die Bestimmungen unwirksam sind, richtet sich der Inhalt des Vertrages nach den gesetzlichen Vorschriften (Obligationen Recht).<\/p>\n","protected":false},"excerpt":{"rendered":"<p>\u00a7 1 Allgemeines, Geltungsbereich der AGB 1.1 Alle Lieferungen und Leistungen erfolgen ausschliesslich auf der Grundlage der nachfolgenden Allgemeinen Gesch\u00e4ftsbedingungen (nachfolgend \u201eAGB\u201c) in ihrer zum &hellip;<\/p>\n","protected":false},"author":1,"featured_media":0,"parent":0,"menu_order":0,"comment_status":"closed","ping_status":"closed","template":"","meta":{"footnotes":""},"class_list":["post-3","page","type-page","status-publish","hentry"],"yoast_head":"<!-- This site is optimized with the Yoast SEO plugin v27.4 - https:\/\/yoast.com\/product\/yoast-seo-wordpress\/ -->\n<title>Allgemeine Gesch\u00e4ftsbedinungen - Fipos<\/title>\n<meta name=\"robots\" content=\"index, follow, max-snippet:-1, max-image-preview:large, max-video-preview:-1\" \/>\n<link rel=\"canonical\" href=\"https:\/\/www.fipos.ch\/?page_id=3\" \/>\n<meta property=\"og:locale\" content=\"de_DE\" \/>\n<meta property=\"og:type\" content=\"article\" \/>\n<meta property=\"og:title\" content=\"Allgemeine Gesch\u00e4ftsbedinungen - Fipos\" \/>\n<meta property=\"og:description\" content=\"\u00a7 1 Allgemeines, Geltungsbereich der AGB 1.1 Alle Lieferungen und Leistungen erfolgen ausschliesslich auf der Grundlage der nachfolgenden Allgemeinen Gesch\u00e4ftsbedingungen (nachfolgend \u201eAGB\u201c) in ihrer zum &hellip;\" \/>\n<meta property=\"og:url\" content=\"https:\/\/www.fipos.ch\/?page_id=3\" \/>\n<meta property=\"og:site_name\" content=\"Fipos\" \/>\n<meta property=\"article:modified_time\" content=\"2022-11-17T13:06:54+00:00\" \/>\n<meta name=\"twitter:card\" content=\"summary_large_image\" \/>\n<meta name=\"twitter:label1\" content=\"Gesch\u00e4tzte Lesezeit\" \/>\n\t<meta name=\"twitter:data1\" content=\"6\u00a0Minuten\" \/>\n<script type=\"application\/ld+json\" class=\"yoast-schema-graph\">{\"@context\":\"https:\\\/\\\/schema.org\",\"@graph\":[{\"@type\":\"WebPage\",\"@id\":\"https:\\\/\\\/www.fipos.ch\\\/?page_id=3\",\"url\":\"https:\\\/\\\/www.fipos.ch\\\/?page_id=3\",\"name\":\"Allgemeine Gesch\u00e4ftsbedinungen - Fipos\",\"isPartOf\":{\"@id\":\"https:\\\/\\\/www.fipos.ch\\\/#website\"},\"datePublished\":\"2022-03-24T09:25:54+00:00\",\"dateModified\":\"2022-11-17T13:06:54+00:00\",\"breadcrumb\":{\"@id\":\"https:\\\/\\\/www.fipos.ch\\\/?page_id=3#breadcrumb\"},\"inLanguage\":\"de\",\"potentialAction\":[{\"@type\":\"ReadAction\",\"target\":[\"https:\\\/\\\/www.fipos.ch\\\/?page_id=3\"]}]},{\"@type\":\"BreadcrumbList\",\"@id\":\"https:\\\/\\\/www.fipos.ch\\\/?page_id=3#breadcrumb\",\"itemListElement\":[{\"@type\":\"ListItem\",\"position\":1,\"name\":\"Startseite\",\"item\":\"https:\\\/\\\/www.fipos.ch\\\/\"},{\"@type\":\"ListItem\",\"position\":2,\"name\":\"Allgemeine Gesch\u00e4ftsbedinungen\"}]},{\"@type\":\"WebSite\",\"@id\":\"https:\\\/\\\/www.fipos.ch\\\/#website\",\"url\":\"https:\\\/\\\/www.fipos.ch\\\/\",\"name\":\"Fipos\",\"description\":\"Das Deutschlehrmittel f\u00fcr die Polizei-Aufnahmepr\u00fcfung und die Polizeischule in der Deutschschweiz\",\"potentialAction\":[{\"@type\":\"SearchAction\",\"target\":{\"@type\":\"EntryPoint\",\"urlTemplate\":\"https:\\\/\\\/www.fipos.ch\\\/?s={search_term_string}\"},\"query-input\":{\"@type\":\"PropertyValueSpecification\",\"valueRequired\":true,\"valueName\":\"search_term_string\"}}],\"inLanguage\":\"de\"}]}<\/script>\n<!-- \/ Yoast SEO plugin. -->","yoast_head_json":{"title":"Allgemeine Gesch\u00e4ftsbedinungen - Fipos","robots":{"index":"index","follow":"follow","max-snippet":"max-snippet:-1","max-image-preview":"max-image-preview:large","max-video-preview":"max-video-preview:-1"},"canonical":"https:\/\/www.fipos.ch\/?page_id=3","og_locale":"de_DE","og_type":"article","og_title":"Allgemeine Gesch\u00e4ftsbedinungen - Fipos","og_description":"\u00a7 1 Allgemeines, Geltungsbereich der AGB 1.1 Alle Lieferungen und Leistungen erfolgen ausschliesslich auf der Grundlage der nachfolgenden Allgemeinen Gesch\u00e4ftsbedingungen (nachfolgend \u201eAGB\u201c) in ihrer zum &hellip;","og_url":"https:\/\/www.fipos.ch\/?page_id=3","og_site_name":"Fipos","article_modified_time":"2022-11-17T13:06:54+00:00","twitter_card":"summary_large_image","twitter_misc":{"Gesch\u00e4tzte Lesezeit":"6\u00a0Minuten"},"schema":{"@context":"https:\/\/schema.org","@graph":[{"@type":"WebPage","@id":"https:\/\/www.fipos.ch\/?page_id=3","url":"https:\/\/www.fipos.ch\/?page_id=3","name":"Allgemeine Gesch\u00e4ftsbedinungen - Fipos","isPartOf":{"@id":"https:\/\/www.fipos.ch\/#website"},"datePublished":"2022-03-24T09:25:54+00:00","dateModified":"2022-11-17T13:06:54+00:00","breadcrumb":{"@id":"https:\/\/www.fipos.ch\/?page_id=3#breadcrumb"},"inLanguage":"de","potentialAction":[{"@type":"ReadAction","target":["https:\/\/www.fipos.ch\/?page_id=3"]}]},{"@type":"BreadcrumbList","@id":"https:\/\/www.fipos.ch\/?page_id=3#breadcrumb","itemListElement":[{"@type":"ListItem","position":1,"name":"Startseite","item":"https:\/\/www.fipos.ch\/"},{"@type":"ListItem","position":2,"name":"Allgemeine Gesch\u00e4ftsbedinungen"}]},{"@type":"WebSite","@id":"https:\/\/www.fipos.ch\/#website","url":"https:\/\/www.fipos.ch\/","name":"Fipos","description":"Das Deutschlehrmittel f\u00fcr die Polizei-Aufnahmepr\u00fcfung und die Polizeischule in der Deutschschweiz","potentialAction":[{"@type":"SearchAction","target":{"@type":"EntryPoint","urlTemplate":"https:\/\/www.fipos.ch\/?s={search_term_string}"},"query-input":{"@type":"PropertyValueSpecification","valueRequired":true,"valueName":"search_term_string"}}],"inLanguage":"de"}]}},"_links":{"self":[{"href":"https:\/\/www.fipos.ch\/index.php?rest_route=\/wp\/v2\/pages\/3","targetHints":{"allow":["GET"]}}],"collection":[{"href":"https:\/\/www.fipos.ch\/index.php?rest_route=\/wp\/v2\/pages"}],"about":[{"href":"https:\/\/www.fipos.ch\/index.php?rest_route=\/wp\/v2\/types\/page"}],"author":[{"embeddable":true,"href":"https:\/\/www.fipos.ch\/index.php?rest_route=\/wp\/v2\/users\/1"}],"replies":[{"embeddable":true,"href":"https:\/\/www.fipos.ch\/index.php?rest_route=%2Fwp%2Fv2%2Fcomments&post=3"}],"version-history":[{"count":0,"href":"https:\/\/www.fipos.ch\/index.php?rest_route=\/wp\/v2\/pages\/3\/revisions"}],"wp:attachment":[{"href":"https:\/\/www.fipos.ch\/index.php?rest_route=%2Fwp%2Fv2%2Fmedia&parent=3"}],"curies":[{"name":"wp","href":"https:\/\/api.w.org\/{rel}","templated":true}]}}